{"id":406,"date":"2020-04-13T11:18:52","date_gmt":"2020-04-13T11:18:52","guid":{"rendered":"https:\/\/villavabrikmv.ee\/about-4\/"},"modified":"2026-01-19T07:49:57","modified_gmt":"2026-01-19T07:49:57","slug":"muru-villavabrikust","status":"publish","type":"page","link":"https:\/\/villavabrikmv.ee\/en\/muru-villavabrikust","title":{"rendered":"About us"},"content":{"rendered":"<div class=\"wp-block-uagb-container uagb-block-c85e0658 alignfull uagb-is-root-container\"><div class=\"uagb-container-inner-blocks-wrap\">\n<div class=\"wp-block-uagb-container uagb-block-671737c5\">\n<div class=\"wp-block-uagb-info-box uagb-block-b741452b uagb-infobox__content-wrap  uagb-infobox-icon-above-title uagb-infobox-image-valign-top\"><div class=\"uagb-ifb-content\"><div class=\"uagb-ifb-title-wrap\"><span class=\"uagb-ifb-title-prefix\">About us<\/span><h2 class=\"uagb-ifb-title\">Estonia's most modern wool factory<\/h2><\/div><p class=\"uagb-ifb-desc\">We use half-combed yarn spinning equipment and process natural animal wool fibers.<br>We mainly offer spinning services to sheep, alpaca, goat, dog and rabbit breeders and to customers from Estonia as well as from abroad. Especially for owners of small herds and pets, our factory is the best way to get natural yarn from the wool of their animals.<br>Our equipment and skills allow us to be very flexible in terms of quantities, different fibers and different yarns.<br>Good quality wool becomes high quality yarn using the most suitable processing parameters. We are also able to make 100% alpaca and angora rabbit yarn. <\/p><\/div><\/div>\n\n\n\n<div class=\"wp-block-uagb-container uagb-block-cbe13e5e\">\n<div class=\"wp-block-uagb-container uagb-block-2f7399d4\">\n<div class=\"wp-block-uagb-info-box uagb-block-cea896ff uagb-infobox__content-wrap  uagb-infobox-icon-above-title uagb-infobox-image-valign-top\"><div class=\"uagb-ifb-content\"><div class=\"uagb-ifb-title-wrap\"><h4 class=\"uagb-ifb-title\">Check out our price list<\/h4><\/div><p class=\"uagb-ifb-desc\">NB! Check out our conditions and price list!<\/p><div class=\"uagb-ifb-button-wrapper wp-block-button\"><a href=\"https:\/\/www.facebook.com\/muruvillavabrik\/posts\/pfbid02X5MZu5rdVCKTwNwu8zhq29FuJZrW6EeYC4nDPA72gfbtPjdemifyG57mSTeYT2Sml\" target=\"_blank\" onclick=\"return true;\" class=\"uagb-infobox-cta-link\" rel=\"noopener noreferrer\"><svg xmlns=\"https:\/\/www.w3.org\/2000\/svg\" viewbox=\"0 0 512 512\"><path d=\"M504 256C504 119 393 8 256 8S8 119 8 256c0 123.8 90.69 226.4 209.3 245V327.7h-63V256h63v-54.64c0-62.15 37-96.48 93.67-96.48 27.14 0 55.52 4.84 55.52 4.84v61h-31.28c-30.8 0-40.41 19.12-40.41 38.73V256h68.78l-11 71.69h-57.78V501C413.3 482.4 504 379.8 504 256z\"><\/path><\/svg><span class=\"uagb-inline-editing\">Muru villavabrik<\/span><\/a><\/div><\/div><\/div>\n<\/div>\n\n\n\n<div class=\"wp-block-uagb-container uagb-block-1ba09398\">\n<div class=\"wp-block-uagb-info-box uagb-block-14d589da uagb-infobox__content-wrap  uagb-infobox-icon-above-title uagb-infobox-image-valign-top\"><div class=\"uagb-ifb-content\"><div class=\"uagb-ifb-title-wrap\"><h4 class=\"uagb-ifb-title\">For the customer who appreciates high quality!<\/h4><\/div><p class=\"uagb-ifb-desc\">If you value high-quality, natural and, if necessary, yarns with a special fashion, contact us!<\/p><\/div><\/div>\n<\/div>\n<\/div>\n\n\n\n<div class=\"wp-block-uagb-buttons uagb-buttons__outer-wrap uagb-btn__default-btn uagb-btn-tablet__default-btn uagb-btn-mobile__default-btn uagb-block-1c7552ee\"><div class=\"uagb-buttons__wrap uagb-buttons-layout-wrap\">\n<div class=\"wp-block-uagb-buttons-child uagb-buttons__outer-wrap uagb-block-ac6fb4e0 wp-block-button\"><div class=\"uagb-button__wrapper\"><a class=\"uagb-buttons-repeater wp-block-button__link\" aria-label=\"\" href=\"#\" rel=\"follow noopener\" target=\"_self\" role=\"button\"><div class=\"uagb-button__link\">Contact us<\/div><\/a><\/div><\/div>\n<\/div><\/div>\n<\/div>\n\n\n\n<div class=\"wp-block-uagb-container uagb-block-1a06a36f\">\n<div class=\"wp-block-uagb-image aligncenter uagb-block-a08ede16 wp-block-uagb-image--layout-default wp-block-uagb-image--effect-static wp-block-uagb-image--align-center\"><figure class=\"wp-block-uagb-image__figure\"><img decoding=\"async\" srcset=\"https:\/\/villavabrikmv.ee\/wp-content\/uploads\/2023\/09\/Muru-logo-converditud-2.jpg ,https:\/\/villavabrikmv.ee\/wp-content\/uploads\/2023\/09\/Muru-logo-converditud-2.jpg 780w, https:\/\/villavabrikmv.ee\/wp-content\/uploads\/2023\/09\/Muru-logo-converditud-2-150x150.jpg 360w\" sizes=\"auto, (max-width: 480px) 150px\" src=\"https:\/\/villavabrikmv.ee\/wp-content\/uploads\/2023\/09\/Muru-logo-converditud-2.jpg\" alt=\"Muru Villavabrik Logo\" class=\"uag-image-450\" width=\"198\" height=\"198\" title=\"\" loading=\"lazy\" role=\"img\"\/><\/figure><\/div>\n<\/div>\n<\/div><\/div>\n\n\n\n<div class=\"wp-block-uagb-container uagb-block-a54467d0 alignfull uagb-is-root-container\"><div class=\"uagb-container-inner-blocks-wrap\">\n<div class=\"wp-block-uagb-container uagb-block-f391bc33\">\n<p>&#8220;Kaasrahastanud Euroopa Liit&#8221; <\/p>\n\n\n\n<p>&#8220;Ostetud on s\u00fcgavk\u00fclmkirst koit\u00f5rjeprof\u00fclaktikaks, keedukatel villa\/l\u00f5nga v\u00e4rvimiseks ja eelkraas villa pesueelseks&nbsp;t\u00f6\u00f6tlemiseks.&#8221;<\/p>\n<\/div>\n\n\n\n<div class=\"wp-block-uagb-container uagb-block-93f2d1de\"><\/div>\n<\/div><\/div>\n\n\n\n<p><\/p>","protected":false},"excerpt":{"rendered":"<p>&#8220;Kaasrahastanud Euroopa Liit&#8221; &#8220;Ostetud on s\u00fcgavk\u00fclmkirst koit\u00f5rjeprof\u00fclaktikaks, keedukatel villa\/l\u00f5nga v\u00e4rvimiseks ja eelkraas villa pesueelseks&nbsp;t\u00f6\u00f6tlemiseks.&#8221;<\/p>","protected":false},"author":1,"featured_media":0,"parent":0,"menu_order":0,"comment_status":"closed","ping_status":"closed","template":"","meta":{"_uag_custom_page_level_css":"","site-sidebar-layout":"no-sidebar","site-content-layout":"page-builder","ast-site-content-layout":"full-width-container","site-content-style":"unboxed","site-sidebar-style":"unboxed","ast-global-header-display":"","ast-banner-title-visibility":"","ast-main-header-display":"","ast-hfb-above-header-display":"","ast-hfb-below-header-display":"","ast-hfb-mobile-header-display":"","site-post-title":"disabled","ast-breadcrumbs-content":"","ast-featured-img":"","footer-sml-layout":"","ast-disable-related-posts":"","theme-transparent-header-meta":"enabled","adv-header-id-meta":"","stick-header-meta":"","header-above-stick-meta":"","header-main-stick-meta":"","header-below-stick-meta":"","astra-migrate-meta-layouts":"set","ast-page-background-enabled":"default","ast-page-background-meta":{"desktop":{"background-color":"","background-image":"","background-repeat":"repeat","background-position":"center center","background-size":"auto","background-attachment":"scroll","background-type":"","background-media":"","overlay-type":"","overlay-color":"","overlay-opacity":"","overlay-gradient":""},"tablet":{"background-color":"","background-image":"","background-repeat":"repeat","background-position":"center center","background-size":"auto","background-attachment":"scroll","background-type":"","background-media":"","overlay-type":"","overlay-color":"","overlay-opacity":"","overlay-gradient":""},"mobile":{"background-color":"","background-image":"","background-repeat":"repeat","background-position":"center center","background-size":"auto","background-attachment":"scroll","background-type":"","background-media":"","overlay-type":"","overlay-color":"","overlay-opacity":"","overlay-gradient":""}},"ast-content-background-meta":{"desktop":{"background-color":"var(--ast-global-color-5)","background-image":"","background-repeat":"repeat","background-position":"center center","background-size":"auto","background-attachment":"scroll","background-type":"","background-media":"","overlay-type":"","overlay-color":"","overlay-opacity":"","overlay-gradient":""},"tablet":{"background-color":"var(--ast-global-color-5)","background-image":"","background-repeat":"repeat","background-position":"center center","background-size":"auto","background-attachment":"scroll","background-type":"","background-media":"","overlay-type":"","overlay-color":"","overlay-opacity":"","overlay-gradient":""},"mobile":{"background-color":"var(--ast-global-color-5)","background-image":"","background-repeat":"repeat","background-position":"center center","background-size":"auto","background-attachment":"scroll","background-type":"","background-media":"","overlay-type":"","overlay-color":"","overlay-opacity":"","overlay-gradient":""}},"footnotes":""},"class_list":["post-406","page","type-page","status-publish","hentry"],"yoast_head":"<!-- This site is optimized with the Yoast SEO plugin v27.4 - https:\/\/yoast.com\/product\/yoast-seo-wordpress\/ -->\n<title>Muru villabrikust - Muru Villavabrik<\/title>\n<meta name=\"description\" content=\"Peamiselt pakume ketrusteenust lamba-, alpaka-, kitse-, koera- ja k\u00fc\u00fclikukasvatajatele ning seda nii Eestist kui ka v\u00e4ljastpoolt p\u00e4rit kliendile.\" \/>\n<meta name=\"robots\" content=\"index, follow, max-snippet:-1, max-image-preview:large, max-video-preview:-1\" \/>\n<link rel=\"canonical\" href=\"https:\/\/villavabrikmv.ee\/en\/muru-villavabrikust\/\" \/>\n<meta property=\"og:locale\" content=\"en_US\" \/>\n<meta property=\"og:type\" content=\"article\" \/>\n<meta property=\"og:title\" content=\"Muru villabrikust - Muru Villavabrik\" \/>\n<meta property=\"og:description\" content=\"Peamiselt pakume ketrusteenust lamba-, alpaka-, kitse-, koera- ja k\u00fc\u00fclikukasvatajatele ning seda nii Eestist kui ka v\u00e4ljastpoolt p\u00e4rit kliendile.\" \/>\n<meta property=\"og:url\" content=\"https:\/\/villavabrikmv.ee\/en\/muru-villavabrikust\/\" \/>\n<meta property=\"og:site_name\" content=\"Muru Villavabrik\" \/>\n<meta property=\"article:modified_time\" content=\"2026-01-19T07:49:57+00:00\" \/>\n<meta property=\"og:image\" content=\"https:\/\/villavabrikmv.ee\/wp-content\/uploads\/2023\/09\/Muru-logo-converditud-2.jpg\" \/>\n<meta name=\"twitter:card\" content=\"summary_large_image\" \/>\n<meta name=\"twitter:label1\" content=\"Est. reading time\" \/>\n\t<meta name=\"twitter:data1\" content=\"1 minute\" \/>\n<script type=\"application\/ld+json\" class=\"yoast-schema-graph\">{\"@context\":\"https:\\\/\\\/schema.org\",\"@graph\":[{\"@type\":\"WebPage\",\"@id\":\"https:\\\/\\\/villavabrikmv.ee\\\/muru-villavabrikust\",\"url\":\"https:\\\/\\\/villavabrikmv.ee\\\/muru-villavabrikust\",\"name\":\"Muru villabrikust - Muru Villavabrik\",\"isPartOf\":{\"@id\":\"https:\\\/\\\/villavabrikmv.ee\\\/#website\"},\"primaryImageOfPage\":{\"@id\":\"https:\\\/\\\/villavabrikmv.ee\\\/muru-villavabrikust#primaryimage\"},\"image\":{\"@id\":\"https:\\\/\\\/villavabrikmv.ee\\\/muru-villavabrikust#primaryimage\"},\"thumbnailUrl\":\"https:\\\/\\\/villavabrikmv.ee\\\/wp-content\\\/uploads\\\/2023\\\/09\\\/Muru-logo-converditud-2.jpg\",\"datePublished\":\"2020-04-13T11:18:52+00:00\",\"dateModified\":\"2026-01-19T07:49:57+00:00\",\"description\":\"Peamiselt pakume ketrusteenust lamba-, alpaka-, kitse-, koera- ja k\u00fc\u00fclikukasvatajatele ning seda nii Eestist kui ka v\u00e4ljastpoolt p\u00e4rit kliendile.\",\"breadcrumb\":{\"@id\":\"https:\\\/\\\/villavabrikmv.ee\\\/muru-villavabrikust#breadcrumb\"},\"inLanguage\":\"en-US\",\"potentialAction\":[{\"@type\":\"ReadAction\",\"target\":[\"https:\\\/\\\/villavabrikmv.ee\\\/muru-villavabrikust\"]}]},{\"@type\":\"ImageObject\",\"inLanguage\":\"en-US\",\"@id\":\"https:\\\/\\\/villavabrikmv.ee\\\/muru-villavabrikust#primaryimage\",\"url\":\"https:\\\/\\\/villavabrikmv.ee\\\/wp-content\\\/uploads\\\/2023\\\/09\\\/Muru-logo-converditud-2.jpg\",\"contentUrl\":\"https:\\\/\\\/villavabrikmv.ee\\\/wp-content\\\/uploads\\\/2023\\\/09\\\/Muru-logo-converditud-2.jpg\"},{\"@type\":\"BreadcrumbList\",\"@id\":\"https:\\\/\\\/villavabrikmv.ee\\\/muru-villavabrikust#breadcrumb\",\"itemListElement\":[{\"@type\":\"ListItem\",\"position\":1,\"name\":\"Home\",\"item\":\"https:\\\/\\\/villavabrikmv.ee\\\/\"},{\"@type\":\"ListItem\",\"position\":2,\"name\":\"Muru villabrikust\"}]},{\"@type\":\"WebSite\",\"@id\":\"https:\\\/\\\/villavabrikmv.ee\\\/#website\",\"url\":\"https:\\\/\\\/villavabrikmv.ee\\\/\",\"name\":\"Muru Villavabrik\",\"description\":\"Muru Villavabrik\",\"potentialAction\":[{\"@type\":\"SearchAction\",\"target\":{\"@type\":\"EntryPoint\",\"urlTemplate\":\"https:\\\/\\\/villavabrikmv.ee\\\/?s={search_term_string}\"},\"query-input\":{\"@type\":\"PropertyValueSpecification\",\"valueRequired\":true,\"valueName\":\"search_term_string\"}}],\"inLanguage\":\"en-US\"}]}<\/script>\n<!-- \/ Yoast SEO plugin. -->","yoast_head_json":{"title":"Muru villabrikust - Muru Villavabrik","description":"Peamiselt pakume ketrusteenust lamba-, alpaka-, kitse-, koera- ja k\u00fc\u00fclikukasvatajatele ning seda nii Eestist kui ka v\u00e4ljastpoolt p\u00e4rit kliendile.","robots":{"index":"index","follow":"follow","max-snippet":"max-snippet:-1","max-image-preview":"max-image-preview:large","max-video-preview":"max-video-preview:-1"},"canonical":"https:\/\/villavabrikmv.ee\/en\/muru-villavabrikust\/","og_locale":"en_US","og_type":"article","og_title":"Muru villabrikust - Muru Villavabrik","og_description":"Peamiselt pakume ketrusteenust lamba-, alpaka-, kitse-, koera- ja k\u00fc\u00fclikukasvatajatele ning seda nii Eestist kui ka v\u00e4ljastpoolt p\u00e4rit kliendile.","og_url":"https:\/\/villavabrikmv.ee\/en\/muru-villavabrikust\/","og_site_name":"Muru Villavabrik","article_modified_time":"2026-01-19T07:49:57+00:00","og_image":[{"url":"https:\/\/villavabrikmv.ee\/wp-content\/uploads\/2023\/09\/Muru-logo-converditud-2.jpg","type":"","width":"","height":""}],"twitter_card":"summary_large_image","twitter_misc":{"Est. reading time":"1 minute"},"schema":{"@context":"https:\/\/schema.org","@graph":[{"@type":"WebPage","@id":"https:\/\/villavabrikmv.ee\/muru-villavabrikust","url":"https:\/\/villavabrikmv.ee\/muru-villavabrikust","name":"Muru villabrikust - Muru Villavabrik","isPartOf":{"@id":"https:\/\/villavabrikmv.ee\/#website"},"primaryImageOfPage":{"@id":"https:\/\/villavabrikmv.ee\/muru-villavabrikust#primaryimage"},"image":{"@id":"https:\/\/villavabrikmv.ee\/muru-villavabrikust#primaryimage"},"thumbnailUrl":"https:\/\/villavabrikmv.ee\/wp-content\/uploads\/2023\/09\/Muru-logo-converditud-2.jpg","datePublished":"2020-04-13T11:18:52+00:00","dateModified":"2026-01-19T07:49:57+00:00","description":"Peamiselt pakume ketrusteenust lamba-, alpaka-, kitse-, koera- ja k\u00fc\u00fclikukasvatajatele ning seda nii Eestist kui ka v\u00e4ljastpoolt p\u00e4rit kliendile.","breadcrumb":{"@id":"https:\/\/villavabrikmv.ee\/muru-villavabrikust#breadcrumb"},"inLanguage":"en-US","potentialAction":[{"@type":"ReadAction","target":["https:\/\/villavabrikmv.ee\/muru-villavabrikust"]}]},{"@type":"ImageObject","inLanguage":"en-US","@id":"https:\/\/villavabrikmv.ee\/muru-villavabrikust#primaryimage","url":"https:\/\/villavabrikmv.ee\/wp-content\/uploads\/2023\/09\/Muru-logo-converditud-2.jpg","contentUrl":"https:\/\/villavabrikmv.ee\/wp-content\/uploads\/2023\/09\/Muru-logo-converditud-2.jpg"},{"@type":"BreadcrumbList","@id":"https:\/\/villavabrikmv.ee\/muru-villavabrikust#breadcrumb","itemListElement":[{"@type":"ListItem","position":1,"name":"Home","item":"https:\/\/villavabrikmv.ee\/"},{"@type":"ListItem","position":2,"name":"Muru villabrikust"}]},{"@type":"WebSite","@id":"https:\/\/villavabrikmv.ee\/#website","url":"https:\/\/villavabrikmv.ee\/","name":"Muru Villavabrik","description":"Muru Villavabrik","potentialAction":[{"@type":"SearchAction","target":{"@type":"EntryPoint","urlTemplate":"https:\/\/villavabrikmv.ee\/?s={search_term_string}"},"query-input":{"@type":"PropertyValueSpecification","valueRequired":true,"valueName":"search_term_string"}}],"inLanguage":"en-US"}]}},"uagb_featured_image_src":{"full":false,"thumbnail":false,"medium":false,"medium_large":false,"large":false,"1536x1536":false,"2048x2048":false,"trp-custom-language-flag":false},"uagb_author_info":{"display_name":"liinalehis","author_link":"https:\/\/villavabrikmv.ee\/en\/author\/liinalehis"},"uagb_comment_info":0,"uagb_excerpt":"&#8220;Kaasrahastanud Euroopa Liit&#8221; &#8220;Ostetud on s\u00fcgavk\u00fclmkirst koit\u00f5rjeprof\u00fclaktikaks, keedukatel villa\/l\u00f5nga v\u00e4rvimiseks ja eelkraas villa pesueelseks&nbsp;t\u00f6\u00f6tlemiseks.&#8221;","_links":{"self":[{"href":"https:\/\/villavabrikmv.ee\/en\/wp-json\/wp\/v2\/pages\/406","targetHints":{"allow":["GET"]}}],"collection":[{"href":"https:\/\/villavabrikmv.ee\/en\/wp-json\/wp\/v2\/pages"}],"about":[{"href":"https:\/\/villavabrikmv.ee\/en\/wp-json\/wp\/v2\/types\/page"}],"author":[{"embeddable":true,"href":"https:\/\/villavabrikmv.ee\/en\/wp-json\/wp\/v2\/users\/1"}],"replies":[{"embeddable":true,"href":"https:\/\/villavabrikmv.ee\/en\/wp-json\/wp\/v2\/comments?post=406"}],"version-history":[{"count":5,"href":"https:\/\/villavabrikmv.ee\/en\/wp-json\/wp\/v2\/pages\/406\/revisions"}],"predecessor-version":[{"id":947,"href":"https:\/\/villavabrikmv.ee\/en\/wp-json\/wp\/v2\/pages\/406\/revisions\/947"}],"wp:attachment":[{"href":"https:\/\/villavabrikmv.ee\/en\/wp-json\/wp\/v2\/media?parent=406"}],"curies":[{"name":"wp","href":"https:\/\/api.w.org\/{rel}","templated":true}]}}