{"id":407,"date":"2020-04-13T11:18:50","date_gmt":"2020-04-13T11:18:50","guid":{"rendered":"https:\/\/villavabrikmv.ee\/services-4\/"},"modified":"2025-01-09T11:41:45","modified_gmt":"2025-01-09T11:41:45","slug":"teenused","status":"publish","type":"page","link":"https:\/\/villavabrikmv.ee\/en\/teenused","title":{"rendered":"Services and price list"},"content":{"rendered":"<div class=\"wp-block-uagb-container uagb-block-00094fa9 alignfull uagb-is-root-container\"><div class=\"uagb-container-inner-blocks-wrap\">\n<div class=\"wp-block-uagb-info-box uagb-block-6c222b7b uagb-infobox__content-wrap  uagb-infobox-icon-above-title uagb-infobox-image-valign-top\"><div class=\"uagb-ifb-content\"><div class=\"uagb-ifb-title-wrap\"><h1 class=\"uagb-ifb-title-prefix\">Muru Villavabrik<\/h1><h2 class=\"uagb-ifb-title\">SERVICES AND PRICE LIST<\/h2><\/div><p class=\"uagb-ifb-desc\">The price list is valid from 01.09.2023<br>The Muru Villa factory makes various yarns, worsted ribbons, wire wool\/wool curtains and<br>cord tape, carpet yarn on the inner cord, etc. The wool processing service fee depends on the type of wool, the prices are valid for 1 kg of unwashed wool. Therefore, the cleaner and neater the wool you bring to us for processing, the better quality and larger quantity of yarn you will get for the same money.<\/p><\/div><\/div>\n\n\n\n<div class=\"wp-block-uagb-container uagb-block-0e47d609\">\n<header class=\"wp-block-uagb-container uagb-block-7ab99195\">\n<div class=\"wp-block-uagb-info-box uagb-block-e8f2a56a uagb-infobox__content-wrap  uagb-infobox-icon-above-title uagb-infobox-image-valign-top\"><div class=\"uagb-ifb-content\"><div class=\"uagb-ifb-title-wrap\"><h4 class=\"uagb-ifb-title\">SERVICES<\/h4><\/div><\/div><\/div>\n\n\n\n<div class=\"wp-block-uagb-icon-list uagb-block-61e3a9ea\"><div class=\"uagb-icon-list__wrap\">\n<div class=\"wp-block-uagb-icon-list-child uagb-block-9840141d\"><span class=\"uagb-icon-list__source-wrap\"><svg xmlns=\"https:\/\/www.w3.org\/2000\/svg\" viewbox=\"0 0 512 512\"><path d=\"M0 256C0 114.6 114.6 0 256 0C397.4 0 512 114.6 512 256C512 397.4 397.4 512 256 512C114.6 512 0 397.4 0 256zM371.8 211.8C382.7 200.9 382.7 183.1 371.8 172.2C360.9 161.3 343.1 161.3 332.2 172.2L224 280.4L179.8 236.2C168.9 225.3 151.1 225.3 140.2 236.2C129.3 247.1 129.3 264.9 140.2 275.8L204.2 339.8C215.1 350.7 232.9 350.7 243.8 339.8L371.8 211.8z\"><\/path><\/svg><\/span><span class=\"uagb-icon-list__label\">wool laundry for further processing in our factory<\/span><\/div>\n\n\n\n<div class=\"wp-block-uagb-icon-list-child uagb-block-973aee7f\"><span class=\"uagb-icon-list__source-wrap\"><svg xmlns=\"https:\/\/www.w3.org\/2000\/svg\" viewbox=\"0 0 512 512\"><path d=\"M0 256C0 114.6 114.6 0 256 0C397.4 0 512 114.6 512 256C512 397.4 397.4 512 256 512C114.6 512 0 397.4 0 256zM371.8 211.8C382.7 200.9 382.7 183.1 371.8 172.2C360.9 161.3 343.1 161.3 332.2 172.2L224 280.4L179.8 236.2C168.9 225.3 151.1 225.3 140.2 236.2C129.3 247.1 129.3 264.9 140.2 275.8L204.2 339.8C215.1 350.7 232.9 350.7 243.8 339.8L371.8 211.8z\"><\/path><\/svg><\/span><span class=\"uagb-icon-list__label\">carding into wool veil or carding tape<\/span><\/div>\n\n\n\n<div class=\"wp-block-uagb-icon-list-child uagb-block-5f34e372\"><span class=\"uagb-icon-list__source-wrap\"><svg xmlns=\"https:\/\/www.w3.org\/2000\/svg\" viewbox=\"0 0 512 512\"><path d=\"M0 256C0 114.6 114.6 0 256 0C397.4 0 512 114.6 512 256C512 397.4 397.4 512 256 512C114.6 512 0 397.4 0 256zM371.8 211.8C382.7 200.9 382.7 183.1 371.8 172.2C360.9 161.3 343.1 161.3 332.2 172.2L224 280.4L179.8 236.2C168.9 225.3 151.1 225.3 140.2 236.2C129.3 247.1 129.3 264.9 140.2 275.8L204.2 339.8C215.1 350.7 232.9 350.7 243.8 339.8L371.8 211.8z\"><\/path><\/svg><\/span><span class=\"uagb-icon-list__label\">combing e. Surface drafting<\/span><\/div>\n<\/div><\/div>\n\n\n\n<div class=\"wp-block-uagb-icon-list uagb-block-b9e5b00d\"><div class=\"uagb-icon-list__wrap\">\n<div class=\"wp-block-uagb-icon-list-child uagb-block-6574bf00\"><span class=\"uagb-icon-list__source-wrap\"><svg xmlns=\"https:\/\/www.w3.org\/2000\/svg\" viewbox=\"0 0 512 512\"><path d=\"M0 256C0 114.6 114.6 0 256 0C397.4 0 512 114.6 512 256C512 397.4 397.4 512 256 512C114.6 512 0 397.4 0 256zM371.8 211.8C382.7 200.9 382.7 183.1 371.8 172.2C360.9 161.3 343.1 161.3 332.2 172.2L224 280.4L179.8 236.2C168.9 225.3 151.1 225.3 140.2 236.2C129.3 247.1 129.3 264.9 140.2 275.8L204.2 339.8C215.1 350.7 232.9 350.7 243.8 339.8L371.8 211.8z\"><\/path><\/svg><\/span><span class=\"uagb-icon-list__label\">spinning- production of single yarn<\/span><\/div>\n\n\n\n<div class=\"wp-block-uagb-icon-list-child uagb-block-97fb0a7f\"><span class=\"uagb-icon-list__source-wrap\"><svg xmlns=\"https:\/\/www.w3.org\/2000\/svg\" viewbox=\"0 0 512 512\"><path d=\"M0 256C0 114.6 114.6 0 256 0C397.4 0 512 114.6 512 256C512 397.4 397.4 512 256 512C114.6 512 0 397.4 0 256zM371.8 211.8C382.7 200.9 382.7 183.1 371.8 172.2C360.9 161.3 343.1 161.3 332.2 172.2L224 280.4L179.8 236.2C168.9 225.3 151.1 225.3 140.2 236.2C129.3 247.1 129.3 264.9 140.2 275.8L204.2 339.8C215.1 350.7 232.9 350.7 243.8 339.8L371.8 211.8z\"><\/path><\/svg><\/span><span class=\"uagb-icon-list__label\">multiplication into two, three or more ply yarns<\/span><\/div>\n\n\n\n<div class=\"wp-block-uagb-icon-list-child uagb-block-c42a8030\"><span class=\"uagb-icon-list__source-wrap\"><svg xmlns=\"https:\/\/www.w3.org\/2000\/svg\" viewbox=\"0 0 512 512\"><path d=\"M0 256C0 114.6 114.6 0 256 0C397.4 0 512 114.6 512 256C512 397.4 397.4 512 256 512C114.6 512 0 397.4 0 256zM371.8 211.8C382.7 200.9 382.7 183.1 371.8 172.2C360.9 161.3 343.1 161.3 332.2 172.2L224 280.4L179.8 236.2C168.9 225.3 151.1 225.3 140.2 236.2C129.3 247.1 129.3 264.9 140.2 275.8L204.2 339.8C215.1 350.7 232.9 350.7 243.8 339.8L371.8 211.8z\"><\/path><\/svg><\/span><span class=\"uagb-icon-list__label\">coiling, coils or balls<\/span><\/div>\n<\/div><\/div>\n\n\n\n<div class=\"wp-block-uagb-icon-list uagb-block-1b35d73b\"><div class=\"uagb-icon-list__wrap\">\n<div class=\"wp-block-uagb-icon-list-child uagb-block-58dced2e\"><span class=\"uagb-icon-list__source-wrap\"><svg xmlns=\"https:\/\/www.w3.org\/2000\/svg\" viewbox=\"0 0 512 512\"><path d=\"M0 256C0 114.6 114.6 0 256 0C397.4 0 512 114.6 512 256C512 397.4 397.4 512 256 512C114.6 512 0 397.4 0 256zM371.8 211.8C382.7 200.9 382.7 183.1 371.8 172.2C360.9 161.3 343.1 161.3 332.2 172.2L224 280.4L179.8 236.2C168.9 225.3 151.1 225.3 140.2 236.2C129.3 247.1 129.3 264.9 140.2 275.8L204.2 339.8C215.1 350.7 232.9 350.7 243.8 339.8L371.8 211.8z\"><\/path><\/svg><\/span><span class=\"uagb-icon-list__label\">production of carpet yarn (coarse and unique yarn produced by tightly twisting wool on the cord)<\/span><\/div>\n\n\n\n<div class=\"wp-block-uagb-icon-list-child uagb-block-d4015183\"><span class=\"uagb-icon-list__source-wrap\"><svg xmlns=\"https:\/\/www.w3.org\/2000\/svg\" viewbox=\"0 0 512 512\"><path d=\"M0 256C0 114.6 114.6 0 256 0C397.4 0 512 114.6 512 256C512 397.4 397.4 512 256 512C114.6 512 0 397.4 0 256zM371.8 211.8C382.7 200.9 382.7 183.1 371.8 172.2C360.9 161.3 343.1 161.3 332.2 172.2L224 280.4L179.8 236.2C168.9 225.3 151.1 225.3 140.2 236.2C129.3 247.1 129.3 264.9 140.2 275.8L204.2 339.8C215.1 350.7 232.9 350.7 243.8 339.8L371.8 211.8z\"><\/path><\/svg><\/span><span class=\"uagb-icon-list__label\">custom yarns (special batches made according to the customer's request and selected fibers)<\/span><\/div>\n<\/div><\/div>\n<\/header>\n\n\n\n<header class=\"wp-block-uagb-container uagb-block-d161b1bf\">\n<div class=\"wp-block-uagb-info-box uagb-block-0b726381 uagb-infobox__content-wrap  uagb-infobox-icon-above-title uagb-infobox-image-valign-top\"><div class=\"uagb-ifb-content\"><div class=\"uagb-ifb-title-wrap\"><h4 class=\"uagb-ifb-title\">PRODUCTS<\/h4><\/div><\/div><\/div>\n\n\n\n<div class=\"wp-block-uagb-icon-list uagb-block-b5164ceb\"><div class=\"uagb-icon-list__wrap\">\n<div class=\"wp-block-uagb-icon-list-child uagb-block-37067e62\"><span class=\"uagb-icon-list__source-wrap\"><svg xmlns=\"https:\/\/www.w3.org\/2000\/svg\" viewbox=\"0 0 512 512\"><path d=\"M0 256C0 114.6 114.6 0 256 0C397.4 0 512 114.6 512 256C512 397.4 397.4 512 256 512C114.6 512 0 397.4 0 256zM371.8 211.8C382.7 200.9 382.7 183.1 371.8 172.2C360.9 161.3 343.1 161.3 332.2 172.2L224 280.4L179.8 236.2C168.9 225.3 151.1 225.3 140.2 236.2C129.3 247.1 129.3 264.9 140.2 275.8L204.2 339.8C215.1 350.7 232.9 350.7 243.8 339.8L371.8 211.8z\"><\/path><\/svg><\/span><span class=\"uagb-icon-list__label\">different natural yarns for knitting, weaving on looms, needlework, etc.<\/span><\/div>\n\n\n\n<div class=\"wp-block-uagb-icon-list-child uagb-block-ef1050f9\"><span class=\"uagb-icon-list__source-wrap\"><svg xmlns=\"https:\/\/www.w3.org\/2000\/svg\" viewbox=\"0 0 512 512\"><path d=\"M0 256C0 114.6 114.6 0 256 0C397.4 0 512 114.6 512 256C512 397.4 397.4 512 256 512C114.6 512 0 397.4 0 256zM371.8 211.8C382.7 200.9 382.7 183.1 371.8 172.2C360.9 161.3 343.1 161.3 332.2 172.2L224 280.4L179.8 236.2C168.9 225.3 151.1 225.3 140.2 236.2C129.3 247.1 129.3 264.9 140.2 275.8L204.2 339.8C215.1 350.7 232.9 350.7 243.8 339.8L371.8 211.8z\"><\/path><\/svg><\/span><span class=\"uagb-icon-list__label\">carpet yarns (rugyarn)<\/span><\/div>\n\n\n\n<div class=\"wp-block-uagb-icon-list-child uagb-block-0f9549c4\"><span class=\"uagb-icon-list__source-wrap\"><svg xmlns=\"https:\/\/www.w3.org\/2000\/svg\" viewbox=\"0 0 512 512\"><path d=\"M0 256C0 114.6 114.6 0 256 0C397.4 0 512 114.6 512 256C512 397.4 397.4 512 256 512C114.6 512 0 397.4 0 256zM371.8 211.8C382.7 200.9 382.7 183.1 371.8 172.2C360.9 161.3 343.1 161.3 332.2 172.2L224 280.4L179.8 236.2C168.9 225.3 151.1 225.3 140.2 236.2C129.3 247.1 129.3 264.9 140.2 275.8L204.2 339.8C215.1 350.7 232.9 350.7 243.8 339.8L371.8 211.8z\"><\/path><\/svg><\/span><span class=\"uagb-icon-list__label\">weathered carpet strip (weathered carpet tape to increase stability in handling and durability in use)<\/span><\/div>\n<\/div><\/div>\n\n\n\n<div class=\"wp-block-uagb-info-box uagb-block-04240ae3 uagb-infobox__content-wrap  uagb-infobox-icon-below-title uagb-infobox-image-valign-top\"><div class=\"uagb-ifb-content\"><div class=\"uagb-ifb-title-wrap\"><h5 class=\"uagb-ifb-title\">You can find all information about the yarn for sale on our Facebook page<\/h5><\/div><p class=\"uagb-ifb-desc\"><a href=\"https:\/\/www.facebook.com\/media\/set\/?vanity=muruvillavabrik&amp;set=a.699058998904104\" target=\"_blank\" rel=\"noreferrer noopener\"><br>FB Villavabrik, Wool Mill<\/a><\/p><\/div><\/div>\n<\/header>\n<\/div>\n\n\n\n<div class=\"wp-block-columns is-layout-flex wp-container-core-columns-is-layout-28f84493 wp-block-columns-is-layout-flex\">\n<div class=\"wp-block-column is-vertically-aligned-center is-layout-flow wp-block-column-is-layout-flow\" style=\"flex-basis:100%\">\n<div class=\"wp-block-columns alignwide is-layout-flex wp-container-core-columns-is-layout-28f84493 wp-block-columns-is-layout-flex\">\n<div class=\"wp-block-column is-layout-constrained wp-block-column-is-layout-constrained\" style=\"flex-basis:100%\">\n<div class=\"wp-block-uagb-container uagb-block-3a0dfbf0\">\n<header class=\"wp-block-uagb-container uagb-block-0c71e23b\">\n<div class=\"wp-block-uagb-info-box uagb-block-cb8d41d8 uagb-infobox__content-wrap  uagb-infobox-icon-above-title uagb-infobox-image-valign-top\"><div class=\"uagb-ifb-content\"><div class=\"uagb-ifb-title-wrap\"><h4 class=\"uagb-ifb-title\">Ordering\/purchasing<\/h4><\/div><\/div><\/div>\n\n\n\n<p class=\"has-text-align-center has-ast-global-color-6-color has-text-color has-link-color wp-elements-a283ba5963df18ab15826e4411838854\">To order our services, please familiarize yourself first <a href=\"https:\/\/www.facebook.com\/muruvillavabrik\/posts\/pfbid0T6mGNHXY79TyyhjB1QmRgYC7xtgtnuy4mWdimGMtuf9t3Kdq9XW6HWSyL6gDxiojl\">conditions and price list<\/a>fill out the registration form and<br>send it to us. We can then register your request and wait for your villa.<br>To buy yarn or other products, please consult <a href=\"https:\/\/www.facebook.com\/media\/set\/?vanity=muruvillavabrik&amp;set=a.699058998904104\">sales catalogs<\/a><a href=\"https:\/\/www.facebook.com\/media\/set\/?vanity=muruvillavabrik&amp;set=a.699058998904104\" target=\"_blank\" rel=\"noreferrer noopener\">a<\/a> and when finding a suitable product<br>contact us <a href=\"\/en\/liina.lehis@gmail.com\/\">e-mail <\/a>or <a href=\"https:\/\/www.facebook.com\/muruvillavabrik\">FB messenger<\/a>.<\/p>\n\n\n\n<div class=\"wp-block-uagb-info-box uagb-block-002752f7 uagb-infobox__content-wrap  uagb-infobox-icon-below-title uagb-infobox-image-valign-top\"><div class=\"uagb-ifb-content\"><div class=\"uagb-ifb-title-wrap\"><h5 class=\"uagb-ifb-title\">All information is available on our Facebook page<\/h5><\/div><p class=\"uagb-ifb-desc\"><a href=\"https:\/\/www.facebook.com\/media\/set\/?vanity=muruvillavabrik&amp;set=a.699058998904104\" target=\"_blank\" rel=\"noreferrer noopener\"><br>FB Villavabrik, Wool Mill<\/a><\/p><\/div><\/div>\n\n\n\n<div class=\"wp-block-uagb-buttons uagb-buttons__outer-wrap uagb-btn__medium-btn uagb-btn-tablet__default-btn uagb-btn-mobile__default-btn uagb-block-d4ff5381\"><div class=\"uagb-buttons__wrap uagb-buttons-layout-wrap\">\n<div class=\"wp-block-uagb-buttons-child uagb-buttons__outer-wrap uagb-block-d2862c77 wp-block-button\"><div class=\"uagb-button__wrapper\"><a class=\"uagb-buttons-repeater wp-block-button__link\" aria-label=\"\" href=\"https:\/\/villavabrikmv.ee\/en\/kontakt\/\" rel=\"follow noopener\" target=\"_self\"><div class=\"uagb-button__link\">Contact us<\/div><\/a><\/div><\/div>\n<\/div><\/div>\n<\/header>\n<\/div>\n<\/div>\n<\/div>\n<\/div>\n<\/div>\n\n\n\n<p><\/p>\n<\/div><\/div>\n\n\n\n<p><\/p>","protected":false},"excerpt":{"rendered":"<p>Meie teenuste tellimiseks palume k\u00f5igepealt tutvuda tingimuste ja hinnakirjaga, t\u00e4ita registreerimisleht jasee meile saata. Seej\u00e4rel saame teie soovi registreerida ja ootame teie villa.L\u00f5ngade v\u00f5i muude toodete ostmiseks palun tutvuda m\u00fc\u00fcgikataloogiga ning sobiva toote leidmisel v\u00f5ttameiega \u00fchendust e-maili teel v\u00f5i FB messengeris.<\/p>","protected":false},"author":1,"featured_media":0,"parent":0,"menu_order":0,"comment_status":"closed","ping_status":"closed","template":"","meta":{"_uag_custom_page_level_css":"","site-sidebar-layout":"default","site-content-layout":"page-builder","ast-site-content-layout":"full-width-container","site-content-style":"default","site-sidebar-style":"unboxed","ast-global-header-display":"","ast-banner-title-visibility":"","ast-main-header-display":"","ast-hfb-above-header-display":"","ast-hfb-below-header-display":"","ast-hfb-mobile-header-display":"","site-post-title":"disabled","ast-breadcrumbs-content":"","ast-featured-img":"","footer-sml-layout":"","ast-disable-related-posts":"","theme-transparent-header-meta":"enabled","adv-header-id-meta":"","stick-header-meta":"","header-above-stick-meta":"","header-main-stick-meta":"","header-below-stick-meta":"","astra-migrate-meta-layouts":"set","ast-page-background-enabled":"default","ast-page-background-meta":{"desktop":{"background-color":"","background-image":"","background-repeat":"repeat","background-position":"center center","background-size":"auto","background-attachment":"scroll","background-type":"","background-media":"","overlay-type":"","overlay-color":"","overlay-opacity":"","overlay-gradient":""},"tablet":{"background-color":"","background-image":"","background-repeat":"repeat","background-position":"center center","background-size":"auto","background-attachment":"scroll","background-type":"","background-media":"","overlay-type":"","overlay-color":"","overlay-opacity":"","overlay-gradient":""},"mobile":{"background-color":"","background-image":"","background-repeat":"repeat","background-position":"center center","background-size":"auto","background-attachment":"scroll","background-type":"","background-media":"","overlay-type":"","overlay-color":"","overlay-opacity":"","overlay-gradient":""}},"ast-content-background-meta":{"desktop":{"background-color":"var(--ast-global-color-5)","background-image":"","background-repeat":"repeat","background-position":"center center","background-size":"auto","background-attachment":"scroll","background-type":"","background-media":"","overlay-type":"","overlay-color":"","overlay-opacity":"","overlay-gradient":""},"tablet":{"background-color":"var(--ast-global-color-5)","background-image":"","background-repeat":"repeat","background-position":"center center","background-size":"auto","background-attachment":"scroll","background-type":"","background-media":"","overlay-type":"","overlay-color":"","overlay-opacity":"","overlay-gradient":""},"mobile":{"background-color":"var(--ast-global-color-5)","background-image":"","background-repeat":"repeat","background-position":"center center","background-size":"auto","background-attachment":"scroll","background-type":"","background-media":"","overlay-type":"","overlay-color":"","overlay-opacity":"","overlay-gradient":""}},"footnotes":""},"class_list":["post-407","page","type-page","status-publish","hentry"],"yoast_head":"<!-- This site is optimized with the Yoast SEO plugin v27.5 - https:\/\/yoast.com\/product\/yoast-seo-wordpress\/ -->\n<title>Teenus ja hinnakiri - Muru Villavabrik<\/title>\n<meta name=\"description\" content=\"Muru Villavabrik teeb teenust\u00f6\u00f6na erinevaid l\u00f5ngu, kammlinti, kraasvilla\/villaloori jakraaslinti, sisun\u00f6\u00f6ril vaibal\u00f5nga jm. Villa t\u00f6\u00f6tlemise teenustasu s\u00f5ltub villa t\u00fc\u00fcbist, hinnad kehtivad 1kg pesemata villa kohta.\" \/>\n<meta name=\"robots\" content=\"index, follow, max-snippet:-1, max-image-preview:large, max-video-preview:-1\" \/>\n<link rel=\"canonical\" href=\"https:\/\/villavabrikmv.ee\/en\/teenused\/\" \/>\n<meta property=\"og:locale\" content=\"en_US\" \/>\n<meta property=\"og:type\" content=\"article\" \/>\n<meta property=\"og:title\" content=\"Teenus ja hinnakiri - Muru Villavabrik\" \/>\n<meta property=\"og:description\" content=\"Muru Villavabrik teeb teenust\u00f6\u00f6na erinevaid l\u00f5ngu, kammlinti, kraasvilla\/villaloori jakraaslinti, sisun\u00f6\u00f6ril vaibal\u00f5nga jm. Villa t\u00f6\u00f6tlemise teenustasu s\u00f5ltub villa t\u00fc\u00fcbist, hinnad kehtivad 1kg pesemata villa kohta.\" \/>\n<meta property=\"og:url\" content=\"https:\/\/villavabrikmv.ee\/en\/teenused\/\" \/>\n<meta property=\"og:site_name\" content=\"Muru Villavabrik\" \/>\n<meta property=\"article:modified_time\" content=\"2025-01-09T11:41:45+00:00\" \/>\n<meta name=\"twitter:card\" content=\"summary_large_image\" \/>\n<meta name=\"twitter:label1\" content=\"Est. reading time\" \/>\n\t<meta name=\"twitter:data1\" content=\"2 minutes\" \/>\n<script type=\"application\/ld+json\" class=\"yoast-schema-graph\">{\"@context\":\"https:\\\/\\\/schema.org\",\"@graph\":[{\"@type\":\"WebPage\",\"@id\":\"https:\\\/\\\/villavabrikmv.ee\\\/teenused\",\"url\":\"https:\\\/\\\/villavabrikmv.ee\\\/teenused\",\"name\":\"Teenus ja hinnakiri - Muru Villavabrik\",\"isPartOf\":{\"@id\":\"https:\\\/\\\/villavabrikmv.ee\\\/#website\"},\"datePublished\":\"2020-04-13T11:18:50+00:00\",\"dateModified\":\"2025-01-09T11:41:45+00:00\",\"description\":\"Muru Villavabrik teeb teenust\u00f6\u00f6na erinevaid l\u00f5ngu, kammlinti, kraasvilla\\\/villaloori jakraaslinti, sisun\u00f6\u00f6ril vaibal\u00f5nga jm. Villa t\u00f6\u00f6tlemise teenustasu s\u00f5ltub villa t\u00fc\u00fcbist, hinnad kehtivad 1kg pesemata villa kohta.\",\"breadcrumb\":{\"@id\":\"https:\\\/\\\/villavabrikmv.ee\\\/teenused#breadcrumb\"},\"inLanguage\":\"en-US\",\"potentialAction\":[{\"@type\":\"ReadAction\",\"target\":[\"https:\\\/\\\/villavabrikmv.ee\\\/teenused\"]}]},{\"@type\":\"BreadcrumbList\",\"@id\":\"https:\\\/\\\/villavabrikmv.ee\\\/teenused#breadcrumb\",\"itemListElement\":[{\"@type\":\"ListItem\",\"position\":1,\"name\":\"Home\",\"item\":\"https:\\\/\\\/villavabrikmv.ee\\\/\"},{\"@type\":\"ListItem\",\"position\":2,\"name\":\"Teenus ja hinnakiri\"}]},{\"@type\":\"WebSite\",\"@id\":\"https:\\\/\\\/villavabrikmv.ee\\\/#website\",\"url\":\"https:\\\/\\\/villavabrikmv.ee\\\/\",\"name\":\"Muru Villavabrik\",\"description\":\"Muru Villavabrik\",\"potentialAction\":[{\"@type\":\"SearchAction\",\"target\":{\"@type\":\"EntryPoint\",\"urlTemplate\":\"https:\\\/\\\/villavabrikmv.ee\\\/?s={search_term_string}\"},\"query-input\":{\"@type\":\"PropertyValueSpecification\",\"valueRequired\":true,\"valueName\":\"search_term_string\"}}],\"inLanguage\":\"en-US\"}]}<\/script>\n<!-- \/ Yoast SEO plugin. -->","yoast_head_json":{"title":"Teenus ja hinnakiri - Muru Villavabrik","description":"Muru Villavabrik teeb teenust\u00f6\u00f6na erinevaid l\u00f5ngu, kammlinti, kraasvilla\/villaloori jakraaslinti, sisun\u00f6\u00f6ril vaibal\u00f5nga jm. Villa t\u00f6\u00f6tlemise teenustasu s\u00f5ltub villa t\u00fc\u00fcbist, hinnad kehtivad 1kg pesemata villa kohta.","robots":{"index":"index","follow":"follow","max-snippet":"max-snippet:-1","max-image-preview":"max-image-preview:large","max-video-preview":"max-video-preview:-1"},"canonical":"https:\/\/villavabrikmv.ee\/en\/teenused\/","og_locale":"en_US","og_type":"article","og_title":"Teenus ja hinnakiri - Muru Villavabrik","og_description":"Muru Villavabrik teeb teenust\u00f6\u00f6na erinevaid l\u00f5ngu, kammlinti, kraasvilla\/villaloori jakraaslinti, sisun\u00f6\u00f6ril vaibal\u00f5nga jm. Villa t\u00f6\u00f6tlemise teenustasu s\u00f5ltub villa t\u00fc\u00fcbist, hinnad kehtivad 1kg pesemata villa kohta.","og_url":"https:\/\/villavabrikmv.ee\/en\/teenused\/","og_site_name":"Muru Villavabrik","article_modified_time":"2025-01-09T11:41:45+00:00","twitter_card":"summary_large_image","twitter_misc":{"Est. reading time":"2 minutes"},"schema":{"@context":"https:\/\/schema.org","@graph":[{"@type":"WebPage","@id":"https:\/\/villavabrikmv.ee\/teenused","url":"https:\/\/villavabrikmv.ee\/teenused","name":"Teenus ja hinnakiri - Muru Villavabrik","isPartOf":{"@id":"https:\/\/villavabrikmv.ee\/#website"},"datePublished":"2020-04-13T11:18:50+00:00","dateModified":"2025-01-09T11:41:45+00:00","description":"Muru Villavabrik teeb teenust\u00f6\u00f6na erinevaid l\u00f5ngu, kammlinti, kraasvilla\/villaloori jakraaslinti, sisun\u00f6\u00f6ril vaibal\u00f5nga jm. Villa t\u00f6\u00f6tlemise teenustasu s\u00f5ltub villa t\u00fc\u00fcbist, hinnad kehtivad 1kg pesemata villa kohta.","breadcrumb":{"@id":"https:\/\/villavabrikmv.ee\/teenused#breadcrumb"},"inLanguage":"en-US","potentialAction":[{"@type":"ReadAction","target":["https:\/\/villavabrikmv.ee\/teenused"]}]},{"@type":"BreadcrumbList","@id":"https:\/\/villavabrikmv.ee\/teenused#breadcrumb","itemListElement":[{"@type":"ListItem","position":1,"name":"Home","item":"https:\/\/villavabrikmv.ee\/"},{"@type":"ListItem","position":2,"name":"Teenus ja hinnakiri"}]},{"@type":"WebSite","@id":"https:\/\/villavabrikmv.ee\/#website","url":"https:\/\/villavabrikmv.ee\/","name":"Muru Villavabrik","description":"Muru Villavabrik","potentialAction":[{"@type":"SearchAction","target":{"@type":"EntryPoint","urlTemplate":"https:\/\/villavabrikmv.ee\/?s={search_term_string}"},"query-input":{"@type":"PropertyValueSpecification","valueRequired":true,"valueName":"search_term_string"}}],"inLanguage":"en-US"}]}},"uagb_featured_image_src":{"full":false,"thumbnail":false,"medium":false,"medium_large":false,"large":false,"1536x1536":false,"2048x2048":false,"trp-custom-language-flag":false},"uagb_author_info":{"display_name":"liinalehis","author_link":"https:\/\/villavabrikmv.ee\/en\/author\/liinalehis"},"uagb_comment_info":0,"uagb_excerpt":"Meie teenuste tellimiseks palume k\u00f5igepealt tutvuda tingimuste ja hinnakirjaga, t\u00e4ita registreerimisleht jasee meile saata. Seej\u00e4rel saame teie soovi registreerida ja ootame teie villa.L\u00f5ngade v\u00f5i muude toodete ostmiseks palun tutvuda m\u00fc\u00fcgikataloogiga ning sobiva toote leidmisel v\u00f5ttameiega \u00fchendust e-maili teel v\u00f5i FB messengeris.","_links":{"self":[{"href":"https:\/\/villavabrikmv.ee\/en\/wp-json\/wp\/v2\/pages\/407","targetHints":{"allow":["GET"]}}],"collection":[{"href":"https:\/\/villavabrikmv.ee\/en\/wp-json\/wp\/v2\/pages"}],"about":[{"href":"https:\/\/villavabrikmv.ee\/en\/wp-json\/wp\/v2\/types\/page"}],"author":[{"embeddable":true,"href":"https:\/\/villavabrikmv.ee\/en\/wp-json\/wp\/v2\/users\/1"}],"replies":[{"embeddable":true,"href":"https:\/\/villavabrikmv.ee\/en\/wp-json\/wp\/v2\/comments?post=407"}],"version-history":[{"count":5,"href":"https:\/\/villavabrikmv.ee\/en\/wp-json\/wp\/v2\/pages\/407\/revisions"}],"predecessor-version":[{"id":858,"href":"https:\/\/villavabrikmv.ee\/en\/wp-json\/wp\/v2\/pages\/407\/revisions\/858"}],"wp:attachment":[{"href":"https:\/\/villavabrikmv.ee\/en\/wp-json\/wp\/v2\/media?parent=407"}],"curies":[{"name":"wp","href":"https:\/\/api.w.org\/{rel}","templated":true}]}}