{"id":408,"date":"2020-04-13T11:18:48","date_gmt":"2020-04-13T11:18:48","guid":{"rendered":"https:\/\/villavabrikmv.ee\/contact-4\/"},"modified":"2025-07-17T17:35:07","modified_gmt":"2025-07-17T17:35:07","slug":"kontakt","status":"publish","type":"page","link":"https:\/\/villavabrikmv.ee\/en\/kontakt","title":{"rendered":"Contact"},"content":{"rendered":"<div class=\"wp-block-uagb-container uagb-block-0421aae1 alignfull uagb-is-root-container\">\n<div class=\"wp-block-uagb-container uagb-block-6d01f702\">\n<figure class=\"wp-block-image alignfull size-full has-custom-border\" style=\"margin-top:0;margin-bottom:0\"><a href=\"https:\/\/www.google.com\/maps\/place\/Muru+Talu\/@58.1613681,24.8849054,8z\/data=!4m6!3m5!1s0x46eb6bec52412a39:0x74b9286d10c36631!8m2!3d58.1613653!4d26.2032647!16s%2Fg%2F11f2jk9ndf?entry=ttu\"><img loading=\"lazy\" decoding=\"async\" width=\"530\" height=\"562\" src=\"https:\/\/villavabrikmv.ee\/wp-content\/uploads\/2024\/05\/Screenshot-2024-04-24-at-17.32.24.png\" alt=\"\" class=\"wp-image-921\" style=\"border-style:none;border-width:0px\" srcset=\"https:\/\/villavabrikmv.ee\/wp-content\/uploads\/2024\/05\/Screenshot-2024-04-24-at-17.32.24.png 530w, https:\/\/villavabrikmv.ee\/wp-content\/uploads\/2024\/05\/Screenshot-2024-04-24-at-17.32.24-283x300.png 283w\" sizes=\"auto, (max-width: 530px) 100vw, 530px\" \/><\/a><\/figure>\n<\/div>\n\n\n\n<div class=\"wp-block-uagb-container uagb-block-beeb310f\">\n<div class=\"wp-block-uagb-advanced-heading uagb-block-813a81a6\"><h3 class=\"uagb-heading-text\">Contact<\/h3><\/div>\n\n\n\n<p class=\"has-text-align-center has-ast-global-color-1-color has-text-color has-link-color wp-elements-8af2fa6ac454d86f7bb36617e0cd1e4a\" style=\"margin-top:0;margin-right:0;margin-bottom:0;margin-left:0;padding-top:0;padding-right:0px;padding-bottom:0;padding-left:0px;font-size:19px\">O\u00dc Liinavabrik<br>Reg.nr 12202714<br><a href=\"https:\/\/maps.app.goo.gl\/ztEfkNZcSPBoe1tC8\">Muru, Lapetukme k\u00fcla 61008 Elva vald<\/a><\/p>\n\n\n\n<div class=\"wp-block-uagb-advanced-heading uagb-block-9d8503ad\"><h6 class=\"uagb-heading-text\">Factory working hours are<\/h6><p class=\"uagb-desc-text\">Mon-Fri 8am-4pm<br>Sun-Sat  Closed <\/p><\/div>\n\n\n\n<p class=\"has-text-align-center has-vivid-red-color has-text-color has-link-color has-medium-font-size wp-elements-2726048075e3a027691178d04812cb8f\">NB! Please let us know in advance if you are coming!<\/p>\n\n\n\n<div class=\"wp-block-uagb-icon-list uagb-block-6cae2e06\"><div class=\"uagb-icon-list__wrap\">\n<div class=\"wp-block-uagb-icon-list-child uagb-block-b126576a\"><span class=\"uagb-icon-list__source-wrap\"><svg xmlns=\"https:\/\/www.w3.org\/2000\/svg\" viewbox=\"0 0 512 512\"><path d=\"M464 64C490.5 64 512 85.49 512 112C512 127.1 504.9 141.3 492.8 150.4L275.2 313.6C263.8 322.1 248.2 322.1 236.8 313.6L19.2 150.4C7.113 141.3 0 127.1 0 112C0 85.49 21.49 64 48 64H464zM217.6 339.2C240.4 356.3 271.6 356.3 294.4 339.2L512 176V384C512 419.3 483.3 448 448 448H64C28.65 448 0 419.3 0 384V176L217.6 339.2z\"><\/path><\/svg><\/span><span class=\"uagb-icon-list__label\">liina.lehis@gmail.com<\/span><\/div>\n\n\n\n<div class=\"wp-block-uagb-icon-list-child uagb-block-4d3df11e\"><span class=\"uagb-icon-list__source-wrap\"><svg xmlns=\"https:\/\/www.w3.org\/2000\/svg\" viewbox=\"0 0 512 512\"><path d=\"M18.92 351.2l108.5-46.52c12.78-5.531 27.77-1.801 36.45 8.98l44.09 53.82c69.25-34 125.5-90.31 159.5-159.5l-53.81-44.04c-10.75-8.781-14.41-23.69-8.974-36.47l46.51-108.5c6.094-13.91 21.1-21.52 35.79-18.11l100.8 23.25c14.25 3.25 24.22 15.8 24.22 30.46c0 252.3-205.2 457.5-457.5 457.5c-14.67 0-27.18-9.968-30.45-24.22l-23.25-100.8C-2.571 372.4 5.018 357.2 18.92 351.2z\"><\/path><\/svg><\/span><span class=\"uagb-icon-list__label\"><strong>Tel: + 372 523 5156<\/strong><\/span><\/div>\n<\/div><\/div>\n<\/div>\n<\/div>\n\n\n\n<p><\/p>","protected":false},"excerpt":{"rendered":"<p>Kontakt O\u00dc LiinavabrikReg.nr 12202714Muru, Lapetukme k\u00fcla 61008 Elva vald Vabriku t\u00f6\u00f6aeg on E-R 8.00 &#8211; 16.00L-P Suletud NB! Oma tulekust palume kindlasti eelnevalt teada anda!<\/p>","protected":false},"author":1,"featured_media":0,"parent":0,"menu_order":0,"comment_status":"closed","ping_status":"closed","template":"","meta":{"_uag_custom_page_level_css":"","site-sidebar-layout":"no-sidebar","site-content-layout":"page-builder","ast-site-content-layout":"full-width-container","site-content-style":"default","site-sidebar-style":"unboxed","ast-global-header-display":"","ast-banner-title-visibility":"","ast-main-header-display":"","ast-hfb-above-header-display":"","ast-hfb-below-header-display":"","ast-hfb-mobile-header-display":"","site-post-title":"disabled","ast-breadcrumbs-content":"","ast-featured-img":"","footer-sml-layout":"","ast-disable-related-posts":"","theme-transparent-header-meta":"enabled","adv-header-id-meta":"","stick-header-meta":"","header-above-stick-meta":"","header-main-stick-meta":"","header-below-stick-meta":"","astra-migrate-meta-layouts":"set","ast-page-background-enabled":"default","ast-page-background-meta":{"desktop":{"background-color":"","background-image":"","background-repeat":"repeat","background-position":"center center","background-size":"auto","background-attachment":"scroll","background-type":"","background-media":"","overlay-type":"","overlay-color":"","overlay-opacity":"","overlay-gradient":""},"tablet":{"background-color":"","background-image":"","background-repeat":"repeat","background-position":"center center","background-size":"auto","background-attachment":"scroll","background-type":"","background-media":"","overlay-type":"","overlay-color":"","overlay-opacity":"","overlay-gradient":""},"mobile":{"background-color":"","background-image":"","background-repeat":"repeat","background-position":"center center","background-size":"auto","background-attachment":"scroll","background-type":"","background-media":"","overlay-type":"","overlay-color":"","overlay-opacity":"","overlay-gradient":""}},"ast-content-background-meta":{"desktop":{"background-color":"var(--ast-global-color-5)","background-image":"","background-repeat":"repeat","background-position":"center center","background-size":"auto","background-attachment":"scroll","background-type":"","background-media":"","overlay-type":"","overlay-color":"","overlay-opacity":"","overlay-gradient":""},"tablet":{"background-color":"var(--ast-global-color-5)","background-image":"","background-repeat":"repeat","background-position":"center center","background-size":"auto","background-attachment":"scroll","background-type":"","background-media":"","overlay-type":"","overlay-color":"","overlay-opacity":"","overlay-gradient":""},"mobile":{"background-color":"var(--ast-global-color-5)","background-image":"","background-repeat":"repeat","background-position":"center center","background-size":"auto","background-attachment":"scroll","background-type":"","background-media":"","overlay-type":"","overlay-color":"","overlay-opacity":"","overlay-gradient":""}},"footnotes":""},"class_list":["post-408","page","type-page","status-publish","hentry"],"yoast_head":"<!-- This site is optimized with the Yoast SEO plugin v27.5 - https:\/\/yoast.com\/product\/yoast-seo-wordpress\/ -->\n<title>Kontakt - Muru Villavabrik<\/title>\n<meta name=\"description\" content=\"V\u00f5ta meiega \u00fchendust! Oma tulekust palume kindlasti eelnevalt teada anda.\" \/>\n<meta name=\"robots\" content=\"index, follow, max-snippet:-1, max-image-preview:large, max-video-preview:-1\" \/>\n<link rel=\"canonical\" href=\"https:\/\/villavabrikmv.ee\/en\/kontakt\/\" \/>\n<meta property=\"og:locale\" content=\"en_US\" \/>\n<meta property=\"og:type\" content=\"article\" \/>\n<meta property=\"og:title\" content=\"Kontakt - Muru Villavabrik\" \/>\n<meta property=\"og:description\" content=\"V\u00f5ta meiega \u00fchendust! Oma tulekust palume kindlasti eelnevalt teada anda.\" \/>\n<meta property=\"og:url\" content=\"https:\/\/villavabrikmv.ee\/en\/kontakt\/\" \/>\n<meta property=\"og:site_name\" content=\"Muru Villavabrik\" \/>\n<meta property=\"article:modified_time\" content=\"2025-07-17T17:35:07+00:00\" \/>\n<meta property=\"og:image\" content=\"https:\/\/villavabrikmv.ee\/wp-content\/uploads\/2024\/05\/Screenshot-2024-04-24-at-17.32.24.png\" \/>\n\t<meta property=\"og:image:width\" content=\"530\" \/>\n\t<meta property=\"og:image:height\" content=\"562\" \/>\n\t<meta property=\"og:image:type\" content=\"image\/png\" \/>\n<meta name=\"twitter:card\" content=\"summary_large_image\" \/>\n<meta name=\"twitter:label1\" content=\"Est. reading time\" \/>\n\t<meta name=\"twitter:data1\" content=\"1 minute\" \/>\n<script type=\"application\/ld+json\" class=\"yoast-schema-graph\">{\"@context\":\"https:\\\/\\\/schema.org\",\"@graph\":[{\"@type\":\"WebPage\",\"@id\":\"https:\\\/\\\/villavabrikmv.ee\\\/kontakt\",\"url\":\"https:\\\/\\\/villavabrikmv.ee\\\/kontakt\",\"name\":\"Kontakt - Muru Villavabrik\",\"isPartOf\":{\"@id\":\"https:\\\/\\\/villavabrikmv.ee\\\/#website\"},\"primaryImageOfPage\":{\"@id\":\"https:\\\/\\\/villavabrikmv.ee\\\/kontakt#primaryimage\"},\"image\":{\"@id\":\"https:\\\/\\\/villavabrikmv.ee\\\/kontakt#primaryimage\"},\"thumbnailUrl\":\"https:\\\/\\\/villavabrikmv.ee\\\/wp-content\\\/uploads\\\/2024\\\/05\\\/Screenshot-2024-04-24-at-17.32.24.png\",\"datePublished\":\"2020-04-13T11:18:48+00:00\",\"dateModified\":\"2025-07-17T17:35:07+00:00\",\"description\":\"V\u00f5ta meiega \u00fchendust! Oma tulekust palume kindlasti eelnevalt teada anda.\",\"breadcrumb\":{\"@id\":\"https:\\\/\\\/villavabrikmv.ee\\\/kontakt#breadcrumb\"},\"inLanguage\":\"en-US\",\"potentialAction\":[{\"@type\":\"ReadAction\",\"target\":[\"https:\\\/\\\/villavabrikmv.ee\\\/kontakt\"]}]},{\"@type\":\"ImageObject\",\"inLanguage\":\"en-US\",\"@id\":\"https:\\\/\\\/villavabrikmv.ee\\\/kontakt#primaryimage\",\"url\":\"https:\\\/\\\/villavabrikmv.ee\\\/wp-content\\\/uploads\\\/2024\\\/05\\\/Screenshot-2024-04-24-at-17.32.24.png\",\"contentUrl\":\"https:\\\/\\\/villavabrikmv.ee\\\/wp-content\\\/uploads\\\/2024\\\/05\\\/Screenshot-2024-04-24-at-17.32.24.png\"},{\"@type\":\"BreadcrumbList\",\"@id\":\"https:\\\/\\\/villavabrikmv.ee\\\/kontakt#breadcrumb\",\"itemListElement\":[{\"@type\":\"ListItem\",\"position\":1,\"name\":\"Home\",\"item\":\"https:\\\/\\\/villavabrikmv.ee\\\/\"},{\"@type\":\"ListItem\",\"position\":2,\"name\":\"Kontakt\"}]},{\"@type\":\"WebSite\",\"@id\":\"https:\\\/\\\/villavabrikmv.ee\\\/#website\",\"url\":\"https:\\\/\\\/villavabrikmv.ee\\\/\",\"name\":\"Muru Villavabrik\",\"description\":\"Muru Villavabrik\",\"potentialAction\":[{\"@type\":\"SearchAction\",\"target\":{\"@type\":\"EntryPoint\",\"urlTemplate\":\"https:\\\/\\\/villavabrikmv.ee\\\/?s={search_term_string}\"},\"query-input\":{\"@type\":\"PropertyValueSpecification\",\"valueRequired\":true,\"valueName\":\"search_term_string\"}}],\"inLanguage\":\"en-US\"}]}<\/script>\n<!-- \/ Yoast SEO plugin. -->","yoast_head_json":{"title":"Kontakt - Muru Villavabrik","description":"V\u00f5ta meiega \u00fchendust! Oma tulekust palume kindlasti eelnevalt teada anda.","robots":{"index":"index","follow":"follow","max-snippet":"max-snippet:-1","max-image-preview":"max-image-preview:large","max-video-preview":"max-video-preview:-1"},"canonical":"https:\/\/villavabrikmv.ee\/en\/kontakt\/","og_locale":"en_US","og_type":"article","og_title":"Kontakt - Muru Villavabrik","og_description":"V\u00f5ta meiega \u00fchendust! Oma tulekust palume kindlasti eelnevalt teada anda.","og_url":"https:\/\/villavabrikmv.ee\/en\/kontakt\/","og_site_name":"Muru Villavabrik","article_modified_time":"2025-07-17T17:35:07+00:00","og_image":[{"width":530,"height":562,"url":"https:\/\/villavabrikmv.ee\/wp-content\/uploads\/2024\/05\/Screenshot-2024-04-24-at-17.32.24.png","type":"image\/png"}],"twitter_card":"summary_large_image","twitter_misc":{"Est. reading time":"1 minute"},"schema":{"@context":"https:\/\/schema.org","@graph":[{"@type":"WebPage","@id":"https:\/\/villavabrikmv.ee\/kontakt","url":"https:\/\/villavabrikmv.ee\/kontakt","name":"Kontakt - Muru Villavabrik","isPartOf":{"@id":"https:\/\/villavabrikmv.ee\/#website"},"primaryImageOfPage":{"@id":"https:\/\/villavabrikmv.ee\/kontakt#primaryimage"},"image":{"@id":"https:\/\/villavabrikmv.ee\/kontakt#primaryimage"},"thumbnailUrl":"https:\/\/villavabrikmv.ee\/wp-content\/uploads\/2024\/05\/Screenshot-2024-04-24-at-17.32.24.png","datePublished":"2020-04-13T11:18:48+00:00","dateModified":"2025-07-17T17:35:07+00:00","description":"V\u00f5ta meiega \u00fchendust! Oma tulekust palume kindlasti eelnevalt teada anda.","breadcrumb":{"@id":"https:\/\/villavabrikmv.ee\/kontakt#breadcrumb"},"inLanguage":"en-US","potentialAction":[{"@type":"ReadAction","target":["https:\/\/villavabrikmv.ee\/kontakt"]}]},{"@type":"ImageObject","inLanguage":"en-US","@id":"https:\/\/villavabrikmv.ee\/kontakt#primaryimage","url":"https:\/\/villavabrikmv.ee\/wp-content\/uploads\/2024\/05\/Screenshot-2024-04-24-at-17.32.24.png","contentUrl":"https:\/\/villavabrikmv.ee\/wp-content\/uploads\/2024\/05\/Screenshot-2024-04-24-at-17.32.24.png"},{"@type":"BreadcrumbList","@id":"https:\/\/villavabrikmv.ee\/kontakt#breadcrumb","itemListElement":[{"@type":"ListItem","position":1,"name":"Home","item":"https:\/\/villavabrikmv.ee\/"},{"@type":"ListItem","position":2,"name":"Kontakt"}]},{"@type":"WebSite","@id":"https:\/\/villavabrikmv.ee\/#website","url":"https:\/\/villavabrikmv.ee\/","name":"Muru Villavabrik","description":"Muru Villavabrik","potentialAction":[{"@type":"SearchAction","target":{"@type":"EntryPoint","urlTemplate":"https:\/\/villavabrikmv.ee\/?s={search_term_string}"},"query-input":{"@type":"PropertyValueSpecification","valueRequired":true,"valueName":"search_term_string"}}],"inLanguage":"en-US"}]}},"uagb_featured_image_src":{"full":false,"thumbnail":false,"medium":false,"medium_large":false,"large":false,"1536x1536":false,"2048x2048":false,"trp-custom-language-flag":false},"uagb_author_info":{"display_name":"liinalehis","author_link":"https:\/\/villavabrikmv.ee\/en\/author\/liinalehis"},"uagb_comment_info":0,"uagb_excerpt":"Kontakt O\u00dc LiinavabrikReg.nr 12202714Muru, Lapetukme k\u00fcla 61008 Elva vald Vabriku t\u00f6\u00f6aeg on E-R 8.00 &#8211; 16.00L-P Suletud NB! Oma tulekust palume kindlasti eelnevalt teada anda!","_links":{"self":[{"href":"https:\/\/villavabrikmv.ee\/en\/wp-json\/wp\/v2\/pages\/408","targetHints":{"allow":["GET"]}}],"collection":[{"href":"https:\/\/villavabrikmv.ee\/en\/wp-json\/wp\/v2\/pages"}],"about":[{"href":"https:\/\/villavabrikmv.ee\/en\/wp-json\/wp\/v2\/types\/page"}],"author":[{"embeddable":true,"href":"https:\/\/villavabrikmv.ee\/en\/wp-json\/wp\/v2\/users\/1"}],"replies":[{"embeddable":true,"href":"https:\/\/villavabrikmv.ee\/en\/wp-json\/wp\/v2\/comments?post=408"}],"version-history":[{"count":5,"href":"https:\/\/villavabrikmv.ee\/en\/wp-json\/wp\/v2\/pages\/408\/revisions"}],"predecessor-version":[{"id":943,"href":"https:\/\/villavabrikmv.ee\/en\/wp-json\/wp\/v2\/pages\/408\/revisions\/943"}],"wp:attachment":[{"href":"https:\/\/villavabrikmv.ee\/en\/wp-json\/wp\/v2\/media?parent=408"}],"curies":[{"name":"wp","href":"https:\/\/api.w.org\/{rel}","templated":true}]}}